{"id":581,"date":"2019-09-17T12:05:27","date_gmt":"2019-09-17T12:05:27","guid":{"rendered":"https:\/\/themes.getmotopress.com\/booklium-default\/?page_id=581"},"modified":"2024-07-19T17:07:22","modified_gmt":"2024-07-19T17:07:22","slug":"restaurant-2","status":"publish","type":"page","link":"https:\/\/resto-plage.com\/lidjis\/fr\/restaurant\/","title":{"rendered":"Restaurant"},"content":{"rendered":"<style>.elementor-581 .elementor-element.elementor-element-5bacd45f > .elementor-container{max-width:1300px;}.elementor-581 .elementor-element.elementor-element-5bacd45f:not(.elementor-motion-effects-element-type-background), .elementor-581 .elementor-element.elementor-element-5bacd45f > .elementor-motion-effects-container > .elementor-motion-effects-layer{background-color:#FFFFFF;background-image:url(\"https:\/\/resto-plage.com\/lidjis\/wp-content\/uploads\/sites\/33\/2024\/07\/WhatsApp-Image-2024-07-19-at-17.59.50.jpeg\");background-position:0px 86%;background-repeat:no-repeat;background-size:cover;}.elementor-581 .elementor-element.elementor-element-5bacd45f > .elementor-background-overlay{background-color:var( --e-global-color-secondary );opacity:0.5;transition:background 0.3s, border-radius 0.3s, opacity 0.3s;}.elementor-581 .elementor-element.elementor-element-5bacd45f{transition:background 0.3s, border 0.3s, border-radius 0.3s, box-shadow 0.3s;padding:14% 0% 14% 0%;}.elementor-581 .elementor-element.elementor-element-2c574437 > .elementor-element-populated{padding:0px 0px 0px 0px;}.elementor-581 .elementor-element.elementor-element-15e9965a{text-align:center;}.elementor-581 .elementor-element.elementor-element-15e9965a .elementor-heading-title{font-family:var( --e-global-typography-8648bab-font-family ), Sans-serif;font-size:var( --e-global-typography-8648bab-font-size );font-weight:var( --e-global-typography-8648bab-font-weight );line-height:var( --e-global-typography-8648bab-line-height );letter-spacing:var( --e-global-typography-8648bab-letter-spacing );word-spacing:var( --e-global-typography-8648bab-word-spacing );color:var( --e-global-color-97ea9df );}body:not(.rtl) .elementor-581 .elementor-element.elementor-element-73559d7{left:295.996px;}body.rtl .elementor-581 .elementor-element.elementor-element-73559d7{right:295.996px;}.elementor-581 .elementor-element.elementor-element-73559d7{top:296px;}.elementor-581 .elementor-element.elementor-element-4ca048c2 > .elementor-container{max-width:1300px;}.elementor-581 .elementor-element.elementor-element-4ca048c2:not(.elementor-motion-effects-element-type-background), .elementor-581 .elementor-element.elementor-element-4ca048c2 > .elementor-motion-effects-container > .elementor-motion-effects-layer{background-color:#FFFFFF;}.elementor-581 .elementor-element.elementor-element-4ca048c2{transition:background 0.3s, border 0.3s, border-radius 0.3s, box-shadow 0.3s;padding:120px 0px 120px 0px;}.elementor-581 .elementor-element.elementor-element-4ca048c2 > .elementor-background-overlay{transition:background 0.3s, border-radius 0.3s, opacity 0.3s;}.elementor-581 .elementor-element.elementor-element-4213adec > .elementor-element-populated{padding:0px 0px 0px 0px;}.elementor-581 .elementor-element.elementor-element-3e5c6a90{text-align:center;}.elementor-581 .elementor-element.elementor-element-3e5c6a90 .elementor-heading-title{font-family:\"Cormorant Garamond\", Sans-serif;font-size:52px;font-weight:700;color:#182B4D;}.elementor-581 .elementor-element.elementor-element-7de55d41{text-align:center;font-family:\"Jost\", Sans-serif;font-size:16px;font-weight:400;color:var( --e-global-color-text );}.elementor-581 .elementor-element.elementor-element-7de55d41 > .elementor-widget-container{margin:0px 0px 0px 0px;padding:0% 20% 0% 20%;}@media(max-width:1024px){.elementor-581 .elementor-element.elementor-element-5bacd45f:not(.elementor-motion-effects-element-type-background), .elementor-581 .elementor-element.elementor-element-5bacd45f > .elementor-motion-effects-container > .elementor-motion-effects-layer{background-position:0px 0%;}.elementor-581 .elementor-element.elementor-element-5bacd45f{padding:20% 0% 20% 0%;}.elementor-581 .elementor-element.elementor-element-15e9965a .elementor-heading-title{font-size:var( --e-global-typography-8648bab-font-size );line-height:var( --e-global-typography-8648bab-line-height );letter-spacing:var( --e-global-typography-8648bab-letter-spacing );word-spacing:var( --e-global-typography-8648bab-word-spacing );}.elementor-581 .elementor-element.elementor-element-4ca048c2{padding:80px 15px 80px 15px;}.elementor-581 .elementor-element.elementor-element-7de55d41 > .elementor-widget-container{padding:0% 10% 0% 10%;}}@media(max-width:767px){.elementor-581 .elementor-element.elementor-element-5bacd45f:not(.elementor-motion-effects-element-type-background), .elementor-581 .elementor-element.elementor-element-5bacd45f > .elementor-motion-effects-container > .elementor-motion-effects-layer{background-position:35% 0%;}.elementor-581 .elementor-element.elementor-element-5bacd45f{padding:60% 0% 60% 0%;}.elementor-581 .elementor-element.elementor-element-15e9965a .elementor-heading-title{font-size:var( --e-global-typography-8648bab-font-size );line-height:var( --e-global-typography-8648bab-line-height );letter-spacing:var( --e-global-typography-8648bab-letter-spacing );word-spacing:var( --e-global-typography-8648bab-word-spacing );}.elementor-581 .elementor-element.elementor-element-4ca048c2{padding:80px 10px 80px 10px;}.elementor-581 .elementor-element.elementor-element-7de55d41 > .elementor-widget-container{padding:0% 0% 0% 0%;}}<\/style>\t\t<div data-elementor-type=\"wp-page\" data-elementor-id=\"581\" class=\"elementor elementor-581\">\n\t\t\t\t\t\t<section class=\"elementor-section elementor-top-section elementor-element elementor-element-5bacd45f elementor-section-boxed elementor-section-height-default elementor-section-height-default\" data-id=\"5bacd45f\" data-element_type=\"section\" data-e-type=\"section\" data-settings=\"{&quot;background_background&quot;:&quot;classic&quot;}\">\n\t\t\t\t\t\t\t<div class=\"elementor-background-overlay\"><\/div>\n\t\t\t\t\t\t\t<div class=\"elementor-container elementor-column-gap-default\">\n\t\t\t\t\t<div class=\"elementor-column elementor-col-100 elementor-top-column elementor-element elementor-element-2c574437\" data-id=\"2c574437\" data-element_type=\"column\" data-e-type=\"column\">\n\t\t\t<div class=\"elementor-widget-wrap elementor-element-populated\">\n\t\t\t\t\t\t<div class=\"elementor-element elementor-element-15e9965a elementor-widget elementor-widget-heading\" data-id=\"15e9965a\" data-element_type=\"widget\" data-e-type=\"widget\" data-widget_type=\"heading.default\">\n\t\t\t\t<div class=\"elementor-widget-container\">\n\t\t\t\t\t<h2 class=\"elementor-heading-title elementor-size-default\">Restaurant<\/h2>\t\t\t\t<\/div>\n\t\t\t\t<\/div>\n\t\t\t\t\t<\/div>\n\t\t<\/div>\n\t\t\t\t\t<\/div>\n\t\t<\/section>\n\t\t\t\t<section class=\"elementor-section elementor-top-section elementor-element elementor-element-acd764c elementor-section-boxed elementor-section-height-default elementor-section-height-default\" data-id=\"acd764c\" data-element_type=\"section\" data-e-type=\"section\">\n\t\t\t\t\t\t<div class=\"elementor-container elementor-column-gap-default\">\n\t\t\t\t\t<div class=\"elementor-column elementor-col-100 elementor-top-column elementor-element elementor-element-66a671b\" data-id=\"66a671b\" data-element_type=\"column\" data-e-type=\"column\">\n\t\t\t<div class=\"elementor-widget-wrap elementor-element-populated\">\n\t\t\t\t\t\t<div class=\"elementor-element elementor-element-73559d7 elementor-absolute elementor-widget elementor-widget-html\" data-id=\"73559d7\" data-element_type=\"widget\" data-e-type=\"widget\" data-settings=\"{&quot;_position&quot;:&quot;absolute&quot;}\" data-widget_type=\"html.default\">\n\t\t\t\t<div class=\"elementor-widget-container\">\n\t\t\t\t\t<!-- If you would like to customize the button, remove or change the \"class\" attribute inside the <span> tag -->\r\n<span class=\"glf-button\" data-glf-cuid=\"8a2652c8-2b32-469d-b196-bbac6fc03e73\" data-glf-ruid=\"6611bf7c-5bbf-4d73-ae9e-c3774ffc73e3\" >Voir Menu & Commander<\/span>\r\n<span class=\"glf-button reservation\" data-glf-cuid=\"8a2652c8-2b32-469d-b196-bbac6fc03e73\" data-glf-ruid=\"6611bf7c-5bbf-4d73-ae9e-c3774ffc73e3\" data-glf-reservation=\"true\" >R\u00e9server une Table <\/span>\r\n<script src=\"https:\/\/www.fbgcdn.com\/embedder\/js\/ewm2.js\" defer async><\/script>\t\t\t\t<\/div>\n\t\t\t\t<\/div>\n\t\t\t\t\t<\/div>\n\t\t<\/div>\n\t\t\t\t\t<\/div>\n\t\t<\/section>\n\t\t\t\t<section class=\"elementor-section elementor-top-section elementor-element elementor-element-4ca048c2 elementor-section-boxed elementor-section-height-default elementor-section-height-default\" data-id=\"4ca048c2\" data-element_type=\"section\" data-e-type=\"section\" data-settings=\"{&quot;background_background&quot;:&quot;classic&quot;}\">\n\t\t\t\t\t\t<div class=\"elementor-container elementor-column-gap-default\">\n\t\t\t\t\t<div class=\"elementor-column elementor-col-100 elementor-top-column elementor-element elementor-element-4213adec\" data-id=\"4213adec\" data-element_type=\"column\" data-e-type=\"column\">\n\t\t\t<div class=\"elementor-widget-wrap elementor-element-populated\">\n\t\t\t\t\t\t<div class=\"elementor-element elementor-element-3e5c6a90 elementor-widget elementor-widget-heading\" data-id=\"3e5c6a90\" data-element_type=\"widget\" data-e-type=\"widget\" data-widget_type=\"heading.default\">\n\t\t\t\t<div class=\"elementor-widget-container\">\n\t\t\t\t\t<h2 class=\"elementor-heading-title elementor-size-default\">R\u00e9servez votre table et votre nourriture<\/h2>\t\t\t\t<\/div>\n\t\t\t\t<\/div>\n\t\t\t\t<div class=\"elementor-element elementor-element-7de55d41 elementor-widget elementor-widget-text-editor\" data-id=\"7de55d41\" data-element_type=\"widget\" data-e-type=\"widget\" data-widget_type=\"text-editor.default\">\n\t\t\t\t<div class=\"elementor-widget-container\">\n\t\t\t\t\t\t\t\t\t<p>Commandez votre nourriture \u00e0 l\u2019avance afin qu\u2019elle soit pr\u00eate \u00e0 votre arriv\u00e9e!<\/p>\t\t\t\t\t\t\t\t<\/div>\n\t\t\t\t<\/div>\n\t\t\t\t\t<\/div>\n\t\t<\/div>\n\t\t\t\t\t<\/div>\n\t\t<\/section>\n\t\t\t\t<\/div>","protected":false},"excerpt":{"rendered":"<p>Indulge your taste buds at our &#8220;Delissimo&#8221; restaurant. Delicious dishes with breath-taking view from the terrace accompanied by the incredible sunset will be forever printed in your memory.<\/p>","protected":false},"author":18,"featured_media":1147,"parent":0,"menu_order":0,"comment_status":"closed","ping_status":"closed","template":"elementor_header_footer","meta":{"footnotes":""},"class_list":["post-581","page","type-page","status-publish","has-post-thumbnail","hentry"],"_links":{"self":[{"href":"https:\/\/resto-plage.com\/lidjis\/fr\/wp-json\/wp\/v2\/pages\/581","targetHints":{"allow":["GET"]}}],"collection":[{"href":"https:\/\/resto-plage.com\/lidjis\/fr\/wp-json\/wp\/v2\/pages"}],"about":[{"href":"https:\/\/resto-plage.com\/lidjis\/fr\/wp-json\/wp\/v2\/types\/page"}],"author":[{"embeddable":true,"href":"https:\/\/resto-plage.com\/lidjis\/fr\/wp-json\/wp\/v2\/users\/18"}],"replies":[{"embeddable":true,"href":"https:\/\/resto-plage.com\/lidjis\/fr\/wp-json\/wp\/v2\/comments?post=581"}],"version-history":[{"count":28,"href":"https:\/\/resto-plage.com\/lidjis\/fr\/wp-json\/wp\/v2\/pages\/581\/revisions"}],"predecessor-version":[{"id":2038,"href":"https:\/\/resto-plage.com\/lidjis\/fr\/wp-json\/wp\/v2\/pages\/581\/revisions\/2038"}],"wp:featuredmedia":[{"embeddable":true,"href":"https:\/\/resto-plage.com\/lidjis\/fr\/wp-json\/"}],"wp:attachment":[{"href":"https:\/\/resto-plage.com\/lidjis\/fr\/wp-json\/wp\/v2\/media?parent=581"}],"curies":[{"name":"wp","href":"https:\/\/api.w.org\/{rel}","templated":true}]}}